{"id":8,"date":"2019-05-24T15:29:57","date_gmt":"2019-05-24T15:29:57","guid":{"rendered":"https:\/\/arpasa.es\/landing\/?page_id=8"},"modified":"2019-09-27T08:58:00","modified_gmt":"2019-09-27T08:58:00","slug":"remodelaciones","status":"publish","type":"page","link":"https:\/\/arpasa.es\/landing\/","title":{"rendered":"Reciba su valoraci\u00f3n GRATIS"},"content":{"rendered":"[vc_row type=\u00bbfull_width_background\u00bb full_screen_row_position=\u00bbmiddle\u00bb bg_image=\u00bb10&#8243; bg_position=\u00bbcenter center\u00bb bg_repeat=\u00bbno-repeat\u00bb scene_position=\u00bbcenter\u00bb text_color=\u00bblight\u00bb text_align=\u00bbleft\u00bb top_padding=\u00bb5%\u00bb bottom_padding=\u00bb5%\u00bb enable_gradient=\u00bbtrue\u00bb color_overlay=\u00bb#24b710&#8243; color_overlay_2=\u00bb#39a055&#8243; gradient_direction=\u00bbleft_t_to_right_b\u00bb overlay_strength=\u00bb0.5&#8243; shape_divider_position=\u00bbbottom\u00bb shape_type=\u00bb\u00bb][vc_column column_padding=\u00bbno-extra-padding\u00bb column_padding_position=\u00bball\u00bb background_color_opacity=\u00bb1&#8243; background_hover_color_opacity=\u00bb1&#8243; column_link_target=\u00bb_self\u00bb column_shadow=\u00bbnone\u00bb column_border_radius=\u00bbnone\u00bb width=\u00bb1\/1&#8243; tablet_width_inherit=\u00bbdefault\u00bb tablet_text_alignment=\u00bbdefault\u00bb phone_text_alignment=\u00bbdefault\u00bb column_border_width=\u00bbnone\u00bb column_border_style=\u00bbsolid\u00bb]<div class=\"img-with-aniamtion-wrap center\" data-max-width=\"100%\" data-border-radius=\"none\"><div class=\"inner\"><a href=\"https:\/\/arpasa.es\/es\/\" target=\"_blank\" class=\"center\"><img loading=\"lazy\" decoding=\"async\" data-shadow=\"none\" data-shadow-direction=\"middle\" class=\"img-with-animation skip-lazy \" data-delay=\"500\" height=\"66\" width=\"150\"  data-animation=\"grow-in\" src=\"https:\/\/arpasa.es\/landing\/wp-content\/uploads\/2019\/05\/arpasa-logo-blanco-e1558945730836.png\"  alt=\"\" \/><\/a><\/div><\/div>[vc_row_inner equal_height=\u00bbyes\u00bb content_placement=\u00bbmiddle\u00bb column_margin=\u00bbdefault\u00bb top_padding=\u00bb5%\u00bb text_align=\u00bbleft\u00bb][vc_column_inner column_padding=\u00bbno-extra-padding\u00bb column_padding_position=\u00bball\u00bb background_color_opacity=\u00bb1&#8243; background_hover_color_opacity=\u00bb1&#8243; column_shadow=\u00bbnone\u00bb column_border_radius=\u00bbnone\u00bb column_link_target=\u00bb_self\u00bb width=\u00bb1\/2&#8243; tablet_width_inherit=\u00bbdefault\u00bb column_border_width=\u00bbnone\u00bb column_border_style=\u00bbsolid\u00bb][vc_custom_heading text=\u00bbValoraciones gratis.\u00bb font_container=\u00bbtag:h2|font_size:60|text_align:left|line_height:70px\u00bb google_fonts=\u00bbfont_family:Roboto%3A100%2C100italic%2C300%2C300italic%2Cregular%2Citalic%2C500%2C500italic%2C700%2C700italic%2C900%2C900italic|font_style:700%20bold%20regular%3A700%3Anormal\u00bb][nectar_highlighted_text highlight_color=\u00bb#325e4b\u00bb style=\u00bbfull_text\u00bb]\n<h2>Rellene el formulario o ll\u00e1menos para recibir una valoraci\u00f3n\u00a0 <strong>TOTALMENTE GRATIS<\/strong>.<\/h2>\n[\/nectar_highlighted_text][nectar_btn size=\u00bblarge\u00bb button_style=\u00bbregular\u00bb button_color_2=\u00bbAccent-Color\u00bb color_override=\u00bb#00cc95&#8243; icon_family=\u00bbnone\u00bb url=\u00bbtel:+34686191736&#8243; text=\u00bbLL\u00c1MENOS AL +34 686 191 736&#8243;][\/vc_column_inner][vc_column_inner column_padding=\u00bbno-extra-padding\u00bb column_padding_position=\u00bball\u00bb background_color_opacity=\u00bb1&#8243; background_hover_color_opacity=\u00bb1&#8243; column_shadow=\u00bbnone\u00bb column_border_radius=\u00bbnone\u00bb column_link_target=\u00bb_self\u00bb width=\u00bb1\/2&#8243; tablet_width_inherit=\u00bbdefault\u00bb column_border_width=\u00bbnone\u00bb column_border_style=\u00bbsolid\u00bb]\n<div class=\"wpcf7 no-js\" id=\"wpcf7-f129-o1\" lang=\"es-ES\" dir=\"ltr\">\n<div class=\"screen-reader-response\"><p role=\"status\" aria-live=\"polite\" aria-atomic=\"true\"><\/p> <ul><\/ul><\/div>\n<form action=\"\/landing\/wp-json\/wp\/v2\/pages\/8#wpcf7-f129-o1\" method=\"post\" class=\"wpcf7-form init\" aria-label=\"Formulario de contacto\" novalidate=\"novalidate\" data-status=\"init\">\n<div style=\"display: none;\">\n<input type=\"hidden\" name=\"_wpcf7\" value=\"129\" \/>\n<input type=\"hidden\" name=\"_wpcf7_version\" value=\"5.8.4\" \/>\n<input type=\"hidden\" name=\"_wpcf7_locale\" value=\"es_ES\" \/>\n<input type=\"hidden\" name=\"_wpcf7_unit_tag\" value=\"wpcf7-f129-o1\" \/>\n<input type=\"hidden\" name=\"_wpcf7_container_post\" value=\"0\" \/>\n<input type=\"hidden\" name=\"_wpcf7_posted_data_hash\" value=\"\" \/>\n<input type=\"hidden\" name=\"_wpcf7_recaptcha_response\" value=\"\" \/>\n<\/div>\n<div id=\"responsive-form\" class=\"default\">\n\t<div class=\"form-row\">\n\t\t<div class=\"column-full\">\n\t\t\t<p>Nombre <span class=\"wpcf7-form-control-wrap\" data-name=\"first-name\"><input size=\"40\" class=\"wpcf7-form-control wpcf7-text wpcf7-validates-as-required\" aria-required=\"true\" aria-invalid=\"false\" value=\"\" type=\"text\" name=\"first-name\" \/><\/span>\n\t\t\t<\/p>\n\t\t<\/div>\n\t<\/div>\n\t<div class=\"form-row\">\n\t\t<div class=\"column-half\">\n\t\t\t<p>Correo <span class=\"wpcf7-form-control-wrap\" data-name=\"your-email\"><input size=\"40\" class=\"wpcf7-form-control wpcf7-email wpcf7-validates-as-required wpcf7-text wpcf7-validates-as-email\" aria-required=\"true\" aria-invalid=\"false\" value=\"\" type=\"email\" name=\"your-email\" \/><\/span>\n\t\t\t<\/p>\n\t\t<\/div>\n\t\t<div class=\"column-half\">\n\t\t\t<p>Tel\u00e9fono <span class=\"wpcf7-form-control-wrap\" data-name=\"your-phone\"><input size=\"40\" class=\"wpcf7-form-control wpcf7-text wpcf7-validates-as-required\" aria-required=\"true\" aria-invalid=\"false\" value=\"\" type=\"text\" name=\"your-phone\" \/><\/span>\n\t\t\t<\/p>\n\t\t<\/div>\n\t<\/div>\n\t<div class=\"form-row\">\n\t\t<div class=\"column-half\">\n\t\t\t<p>Pa\u00eds <span class=\"wpcf7-form-control-wrap\" data-name=\"your-country\"><input size=\"40\" class=\"wpcf7-form-control wpcf7-text wpcf7-validates-as-required\" aria-required=\"true\" aria-invalid=\"false\" value=\"\" type=\"text\" name=\"your-country\" \/><\/span>\n\t\t\t<\/p>\n\t\t<\/div>\n\t\t<div class=\"column-half\">\n\t\t\t<p>Deporte <span class=\"wpcf7-form-control-wrap\" data-name=\"text-915\"><input size=\"40\" class=\"wpcf7-form-control wpcf7-text wpcf7-validates-as-required\" aria-required=\"true\" aria-invalid=\"false\" value=\"\" type=\"text\" name=\"text-915\" \/><\/span>\n\t\t\t<\/p>\n\t\t<\/div>\n\t<\/div>\n\t<div class=\"form-row\">\n\t\t<div class=\"column-full\">\n\t\t\t<p>Descripci\u00f3n de proyecto <span class=\"wpcf7-form-control-wrap\" data-name=\"your-subject\"><input size=\"40\" class=\"wpcf7-form-control wpcf7-text wpcf7-validates-as-required\" aria-required=\"true\" aria-invalid=\"false\" value=\"\" type=\"text\" name=\"your-subject\" \/><\/span>\n\t\t\t<\/p>\n\t\t<\/div>\n\t<\/div>\n\t<div class=\"form-row\">\n\t\t<div class=\"column-full\">\n\t\t\t<p><input class=\"wpcf7-form-control wpcf7-submit has-spinner\" type=\"submit\" value=\"RECIBIR VALORACI\u00d3N GRATIS\" \/>\n\t\t\t<\/p>\n\t\t<\/div>\n\t<\/div>\n<\/div><!--end responsive-form--><div class=\"wpcf7-response-output\" aria-hidden=\"true\"><\/div>\n<\/form>\n<\/div>\n[\/vc_column_inner][\/vc_row_inner][vc_row_inner column_margin=\u00bbdefault\u00bb text_align=\u00bbleft\u00bb][vc_column_inner column_padding=\u00bbno-extra-padding\u00bb column_padding_position=\u00bball\u00bb background_color_opacity=\u00bb1&#8243; background_hover_color_opacity=\u00bb1&#8243; column_shadow=\u00bbnone\u00bb column_border_radius=\u00bbnone\u00bb column_link_target=\u00bb_self\u00bb width=\u00bb1\/1&#8243; tablet_width_inherit=\u00bbdefault\u00bb column_border_width=\u00bbnone\u00bb column_border_style=\u00bbsolid\u00bb][vc_column_text]\n<div style=\"width: 1080px;\" class=\"wp-video\"><!--[if lt IE 9]><script>document.createElement('video');<\/script><![endif]-->\n<video class=\"wp-video-shortcode\" id=\"video-8-1\" width=\"1080\" height=\"608\" autoplay=\"1\" preload=\"metadata\" controls=\"controls\"><source type=\"video\/mp4\" src=\"https:\/\/arpasa.es\/landing\/wp-content\/uploads\/2019\/05\/arpasa-football.mp4?_=1\" \/><a href=\"https:\/\/arpasa.es\/landing\/wp-content\/uploads\/2019\/05\/arpasa-football.mp4\">https:\/\/arpasa.es\/landing\/wp-content\/uploads\/2019\/05\/arpasa-football.mp4<\/a><\/video><\/div>\n[\/vc_column_text][\/vc_column_inner][\/vc_row_inner][\/vc_column][\/vc_row]\n","protected":false},"excerpt":{"rendered":"<p>[vc_row type=\u00bbfull_width_background\u00bb full_screen_row_position=\u00bbmiddle\u00bb bg_image=\u00bb10&#8243; bg_position=\u00bbcenter center\u00bb bg_repeat=\u00bbno-repeat\u00bb scene_position=\u00bbcenter\u00bb text_color=\u00bblight\u00bb text_align=\u00bbleft\u00bb top_padding=\u00bb5%\u00bb bottom_padding=\u00bb5%\u00bb enable_gradient=\u00bbtrue\u00bb color_overlay=\u00bb#24b710&#8243; color_overlay_2=\u00bb#39a055&#8243; gradient_direction=\u00bbleft_t_to_right_b\u00bb overlay_strength=\u00bb0.5&#8243; shape_divider_position=\u00bbbottom\u00bb shape_type=\u00bb\u00bb][vc_column column_padding=\u00bbno-extra-padding\u00bb column_padding_position=\u00bball\u00bb background_color_opacity=\u00bb1&#8243; background_hover_color_opacity=\u00bb1&#8243; column_link_target=\u00bb_self\u00bb column_shadow=\u00bbnone\u00bb column_border_radius=\u00bbnone\u00bb width=\u00bb1\/1&#8243; tablet_width_inherit=\u00bbdefault\u00bb tablet_text_alignment=\u00bbdefault\u00bb phone_text_alignment=\u00bbdefault\u00bb&#8230;<\/p>\n","protected":false},"author":1,"featured_media":0,"parent":0,"menu_order":0,"comment_status":"closed","ping_status":"closed","template":"template-no-header-footer.php","meta":{"footnotes":""},"yoast_head":"<!-- This site is optimized with the Yoast SEO plugin v21.6 - https:\/\/yoast.com\/wordpress\/plugins\/seo\/ -->\n<title>\u3010Reciba su valoraci\u00f3n GRATIS - Arpasa \u3011<\/title>\n<meta name=\"description\" content=\"Reciba una valoraci\u00f3n gratis de tu proyecto en Arpasa. Rellene sus datos en el formulario o ll\u00e1menos al 686 191 736 y podr\u00e1 recibir una VALORACI\u00d3N GRATIS.\" \/>\n<meta name=\"robots\" content=\"index, follow, max-snippet:-1, max-image-preview:large, max-video-preview:-1\" \/>\n<link rel=\"canonical\" href=\"https:\/\/arpasa.es\/landing\/\" \/>\n<meta property=\"og:locale\" content=\"es_ES\" \/>\n<meta property=\"og:type\" content=\"article\" \/>\n<meta property=\"og:title\" content=\"\u3010Reciba su valoraci\u00f3n GRATIS - Arpasa \u3011\" \/>\n<meta property=\"og:description\" content=\"Reciba una valoraci\u00f3n gratis de tu proyecto en Arpasa. Rellene sus datos en el formulario o ll\u00e1menos al 686 191 736 y podr\u00e1 recibir una VALORACI\u00d3N GRATIS.\" \/>\n<meta property=\"og:url\" content=\"https:\/\/arpasa.es\/landing\/\" \/>\n<meta property=\"og:site_name\" content=\"Arpasa\" \/>\n<meta property=\"article:modified_time\" content=\"2019-09-27T08:58:00+00:00\" \/>\n<meta name=\"twitter:card\" content=\"summary_large_image\" \/>\n<meta name=\"twitter:label1\" content=\"Tiempo de lectura\" \/>\n\t<meta name=\"twitter:data1\" content=\"2 minutos\" \/>\n<script type=\"application\/ld+json\" class=\"yoast-schema-graph\">{\"@context\":\"https:\/\/schema.org\",\"@graph\":[{\"@type\":\"WebPage\",\"@id\":\"https:\/\/arpasa.es\/landing\/\",\"url\":\"https:\/\/arpasa.es\/landing\/\",\"name\":\"\u3010Reciba su valoraci\u00f3n GRATIS - Arpasa \u3011\",\"isPartOf\":{\"@id\":\"https:\/\/arpasa.es\/landing\/#website\"},\"datePublished\":\"2019-05-24T15:29:57+00:00\",\"dateModified\":\"2019-09-27T08:58:00+00:00\",\"description\":\"Reciba una valoraci\u00f3n gratis de tu proyecto en Arpasa. Rellene sus datos en el formulario o ll\u00e1menos al 686 191 736 y podr\u00e1 recibir una VALORACI\u00d3N GRATIS.\",\"breadcrumb\":{\"@id\":\"https:\/\/arpasa.es\/landing\/#breadcrumb\"},\"inLanguage\":\"es\",\"potentialAction\":[{\"@type\":\"ReadAction\",\"target\":[\"https:\/\/arpasa.es\/landing\/\"]}]},{\"@type\":\"BreadcrumbList\",\"@id\":\"https:\/\/arpasa.es\/landing\/#breadcrumb\",\"itemListElement\":[{\"@type\":\"ListItem\",\"position\":1,\"name\":\"Portada\",\"item\":\"https:\/\/arpasa.es\/landing\/\"},{\"@type\":\"ListItem\",\"position\":2,\"name\":\"Reciba su valoraci\u00f3n GRATIS\"}]},{\"@type\":\"WebSite\",\"@id\":\"https:\/\/arpasa.es\/landing\/#website\",\"url\":\"https:\/\/arpasa.es\/landing\/\",\"name\":\"Arpasa\",\"description\":\"Reciba su valoraci&oacute;n GRATIS\",\"potentialAction\":[{\"@type\":\"SearchAction\",\"target\":{\"@type\":\"EntryPoint\",\"urlTemplate\":\"https:\/\/arpasa.es\/landing\/?s={search_term_string}\"},\"query-input\":\"required name=search_term_string\"}],\"inLanguage\":\"es\"}]}<\/script>\n<!-- \/ Yoast SEO plugin. -->","yoast_head_json":{"title":"\u3010Reciba su valoraci\u00f3n GRATIS - Arpasa \u3011","description":"Reciba una valoraci\u00f3n gratis de tu proyecto en Arpasa. Rellene sus datos en el formulario o ll\u00e1menos al 686 191 736 y podr\u00e1 recibir una VALORACI\u00d3N GRATIS.","robots":{"index":"index","follow":"follow","max-snippet":"max-snippet:-1","max-image-preview":"max-image-preview:large","max-video-preview":"max-video-preview:-1"},"canonical":"https:\/\/arpasa.es\/landing\/","og_locale":"es_ES","og_type":"article","og_title":"\u3010Reciba su valoraci\u00f3n GRATIS - Arpasa \u3011","og_description":"Reciba una valoraci\u00f3n gratis de tu proyecto en Arpasa. Rellene sus datos en el formulario o ll\u00e1menos al 686 191 736 y podr\u00e1 recibir una VALORACI\u00d3N GRATIS.","og_url":"https:\/\/arpasa.es\/landing\/","og_site_name":"Arpasa","article_modified_time":"2019-09-27T08:58:00+00:00","twitter_card":"summary_large_image","twitter_misc":{"Tiempo de lectura":"2 minutos"},"schema":{"@context":"https:\/\/schema.org","@graph":[{"@type":"WebPage","@id":"https:\/\/arpasa.es\/landing\/","url":"https:\/\/arpasa.es\/landing\/","name":"\u3010Reciba su valoraci\u00f3n GRATIS - Arpasa \u3011","isPartOf":{"@id":"https:\/\/arpasa.es\/landing\/#website"},"datePublished":"2019-05-24T15:29:57+00:00","dateModified":"2019-09-27T08:58:00+00:00","description":"Reciba una valoraci\u00f3n gratis de tu proyecto en Arpasa. Rellene sus datos en el formulario o ll\u00e1menos al 686 191 736 y podr\u00e1 recibir una VALORACI\u00d3N GRATIS.","breadcrumb":{"@id":"https:\/\/arpasa.es\/landing\/#breadcrumb"},"inLanguage":"es","potentialAction":[{"@type":"ReadAction","target":["https:\/\/arpasa.es\/landing\/"]}]},{"@type":"BreadcrumbList","@id":"https:\/\/arpasa.es\/landing\/#breadcrumb","itemListElement":[{"@type":"ListItem","position":1,"name":"Portada","item":"https:\/\/arpasa.es\/landing\/"},{"@type":"ListItem","position":2,"name":"Reciba su valoraci\u00f3n GRATIS"}]},{"@type":"WebSite","@id":"https:\/\/arpasa.es\/landing\/#website","url":"https:\/\/arpasa.es\/landing\/","name":"Arpasa","description":"Reciba su valoraci&oacute;n GRATIS","potentialAction":[{"@type":"SearchAction","target":{"@type":"EntryPoint","urlTemplate":"https:\/\/arpasa.es\/landing\/?s={search_term_string}"},"query-input":"required name=search_term_string"}],"inLanguage":"es"}]}},"_links":{"self":[{"href":"https:\/\/arpasa.es\/landing\/wp-json\/wp\/v2\/pages\/8"}],"collection":[{"href":"https:\/\/arpasa.es\/landing\/wp-json\/wp\/v2\/pages"}],"about":[{"href":"https:\/\/arpasa.es\/landing\/wp-json\/wp\/v2\/types\/page"}],"author":[{"embeddable":true,"href":"https:\/\/arpasa.es\/landing\/wp-json\/wp\/v2\/users\/1"}],"replies":[{"embeddable":true,"href":"https:\/\/arpasa.es\/landing\/wp-json\/wp\/v2\/comments?post=8"}],"version-history":[{"count":169,"href":"https:\/\/arpasa.es\/landing\/wp-json\/wp\/v2\/pages\/8\/revisions"}],"predecessor-version":[{"id":228,"href":"https:\/\/arpasa.es\/landing\/wp-json\/wp\/v2\/pages\/8\/revisions\/228"}],"wp:attachment":[{"href":"https:\/\/arpasa.es\/landing\/wp-json\/wp\/v2\/media?parent=8"}],"curies":[{"name":"wp","href":"https:\/\/api.w.org\/{rel}","templated":true}]}}